{"id":184,"date":"2018-07-11T17:25:25","date_gmt":"2018-07-11T17:25:25","guid":{"rendered":"http:\/\/imeselectrosll.com\/?page_id=184"},"modified":"2018-07-17T14:56:23","modified_gmt":"2018-07-17T14:56:23","slug":"aviso-legal","status":"publish","type":"page","link":"https:\/\/imeselectrosll.com\/index.php\/aviso-legal\/","title":{"rendered":"Aviso Legal"},"content":{"rendered":"<p><strong>Aviso Legal<\/strong><\/p>\n<p><strong>Datos del Responsable<\/strong><\/p>\n<p><strong>\u2013 Identidad del Responsable:<\/strong>&nbsp;Imes Electro, S.L.<\/p>\n<p><strong>\u2013 Nombre comercial:<\/strong>&nbsp; Imes Electro.<\/p>\n<p><strong>\u2013 NIF\/CIF:<\/strong>&nbsp;B82279332<\/p>\n<p><strong>\u2013 Direcci\u00f3n:<\/strong>&nbsp; c\/ Alfareros 1 Pol\u00edgono La Colmena. 28680 \u2013 San Mart\u00edn de Valdeiglesias (Madrid)<\/p>\n<p><strong>\u2013 Correo electr\u00f3nico:<\/strong>&nbsp;administracion@imeselectrosll.com<\/p>\n<p><strong>\u2013 Inscrita en el Registro Mercantil<\/strong>&nbsp;de Madrid. Tomo: 14.346 Folio: 45 Secci\u00f3n: 8 Hoja: M-236.763<\/p>\n<p>En este espacio, el USUARIO, podr\u00e1 encontrar toda la informaci\u00f3n relativa a los t\u00e9rminos y condiciones legales que definen las relaciones entre los usuarios y nosotros como responsables de esta web. Como usuario, es importante que conozcas estos t\u00e9rminos antes de continuar tu navegaci\u00f3n.<\/p>\n<p>Imes Electro, S.L. como responsable de esta web, asume el compromiso de procesar la informaci\u00f3n de nuestros usuarios y clientes con plenas garant\u00edas y cumplir con los requisitos nacionales y europeos que regulan la recopilaci\u00f3n y uso de los datos personales de nuestros usuarios.<\/p>\n<p>Esta web, por tanto, cumple rigurosamente con el RGPD (REGLAMENTO (UE) 2016\/679 de protecci\u00f3n de datos).<\/p>\n<p><strong>Condiciones generales de uso<\/strong><\/p>\n<p>Las presentes Condiciones Generales regulan el uso (incluyendo el mero acceso) de las p\u00e1ginas de la web, integrantes del sitio web de&nbsp;<u><a href=\"http:\/\/www.imeselectrosll.com\/\">www.imeselectrosll.com&nbsp;<\/a><\/u>incluidos los contenidos y servicios puestos a disposici\u00f3n en ellas. Toda persona que acceda a la web, imeselectrosll.com (\u201c<strong>Usuario<\/strong>\u201d) acepta someterse a las Condiciones Generales vigentes en cada momento del portal imeselectrosll.com.<\/p>\n<p>&nbsp;<\/p>\n<p><strong>Datos personales que recabamos y c\u00f3mo lo hacemos<\/strong><\/p>\n<p>Leer&nbsp;<a href=\"https:\/\/imeselectrosll.com\/index.php\/privacy-policy\/\">Pol\u00edtica de Privacidad<\/a><\/p>\n<p>&nbsp;<\/p>\n<p><strong>Compromisos y obligaciones de los usuarios<\/strong><\/p>\n<p>El Usuario queda informado, y acepta, que el acceso a la presente web no supone, en modo alguno, el inicio de una relaci\u00f3n comercial con&nbsp;<u><a href=\"http:\/\/www.imeselectrosll.com\/\">www.imeselectrosll.com<\/a><\/u>De esta forma, el usuario se compromete a utilizar el sitio Web, sus servicios y contenidos sin contravenir la legislaci\u00f3n vigente, la buena fe y el orden p\u00fablico.<\/p>\n<p>Queda prohibido el uso de la web, con fines il\u00edcitos o lesivos, o que, de cualquier forma, puedan causar perjuicio o impedir el normal funcionamiento del sitio web. Respecto de los contenidos de esta web, se proh\u00edbe:<\/p>\n<ul>\n<li>Su reproducci\u00f3n, distribuci\u00f3n o modificaci\u00f3n, total o parcial, a menos que se cuente con la autorizaci\u00f3n de sus leg\u00edtimos titulares;<\/li>\n<li>Cualquier vulneraci\u00f3n de los derechos del prestador o de los leg\u00edtimos titulares;<\/li>\n<li>Su utilizaci\u00f3n para fines comerciales o publicitarios.<\/li>\n<\/ul>\n<p>En la utilizaci\u00f3n de la web, Decocruz.net, el Usuario se compromete a no llevar a cabo&nbsp;<strong>ninguna conducta<\/strong>&nbsp;que pudiera da\u00f1ar la imagen, los intereses y los derechos de&nbsp;<u><a href=\"http:\/\/www.imeselectrosll.com\/\">www.imeselectrosll.com<\/a><\/u>o de terceros o que pudiera da\u00f1ar, inutilizar o sobrecargar el portal (indicar dominio) o que impidiera, de cualquier forma, la normal utilizaci\u00f3n de la web.<\/p>\n<p>No obstante, el Usuario debe ser consciente de que las medidas de seguridad de los sistemas inform\u00e1ticos en Internet no son enteramente fiables y que, por tanto&nbsp;<u><a href=\"http:\/\/www.imeselectrosll.com\/\">www.imeselectrosll.com<\/a><\/u>no puede garantizar la inexistencia de virus u otros elementos que puedan producir alteraciones en los sistemas inform\u00e1ticos (software y hardware) del Usuario o en sus documentos electr\u00f3nicos y ficheros contenidos en los mismos.<\/p>\n<p>&nbsp;<\/p>\n<p><strong>Medidas de seguridad<\/strong><\/p>\n<p>Los datos personales comunicados por el usuario a&nbsp;<u><a href=\"http:\/\/www.imeselectrosll.com\/\">www.imeselectrosll.com<\/a><\/u>pueden ser almacenados en bases de datos automatizadas o no, cuya titularidad corresponde en exclusiva a&nbsp;<u><a href=\"http:\/\/www.imeselectrosll.com\/\">www.imeselectrosll.com<\/a><\/u>, asumiendo \u00e9sta todas las medidas de \u00edndole t\u00e9cnica, organizativa y de seguridad que garantizan la confidencialidad, integridad y calidad de la informaci\u00f3n contenida en las mismas de acuerdo con lo establecido en la normativa vigente en protecci\u00f3n de datos.<\/p>\n<p>La comunicaci\u00f3n entre los usuarios y&nbsp;<u><a href=\"http:\/\/www.imeselectrosll.com\/\">www.imeselectrosll.com<\/a><\/u>utiliza un canal seguro, y los datos transmitidos son cifrados gracias a protocolos a https, por tanto, garantizamos las mejores condiciones de seguridad para que la confidencialidad de los usuarios est\u00e9 garantizada.<\/p>\n<p><strong>&nbsp;<\/strong><\/p>\n<p><strong>Plataforma de resoluci\u00f3n de conflictos<\/strong><\/p>\n<p>Por si puede ser de tu inter\u00e9s, para someter tus reclamaciones puedes utilizar tambi\u00e9n la plataforma de resoluci\u00f3n de litigios que facilita la Comisi\u00f3n Europea y que se encuentra disponible en el siguiente enlace:<a href=\"http:\/\/ec.europa.eu\/consumers\/odr\/\">&nbsp;http:\/\/ec.europa.eu\/consumers\/odr\/<\/a><\/p>\n<p>&nbsp;<\/p>\n<p><strong>Derechos de propiedad intelectual e industrial<\/strong><\/p>\n<p>En virtud de lo dispuesto en los art\u00edculos 8 y 32.1, p\u00e1rrafo segundo, de la Ley de Propiedad Intelectual, quedan expresamente prohibidas la reproducci\u00f3n, la distribuci\u00f3n y la comunicaci\u00f3n p\u00fablica, incluida su modalidad de puesta a disposici\u00f3n, de la totalidad o parte de los contenidos de esta p\u00e1gina web, con fines comerciales, en cualquier soporte y por cualquier medio t\u00e9cnico, sin la autorizaci\u00f3n de&nbsp;<u><a href=\"http:\/\/www.imeselectrosll.com\/\">www.imeselectrosll.com<\/a><\/u>El usuario se compromete a respetar los derechos de Propiedad Intelectual e Industrial titularidad de&nbsp;<u><a href=\"http:\/\/www.imeselectrosll.com\/\">www.imeselectrosll.com<\/a><\/u>.<\/p>\n<p>El usuario conoce y acepta que la totalidad del sitio web, conteniendo sin car\u00e1cter exhaustivo el texto, software, contenidos (incluyendo estructura, selecci\u00f3n, ordenaci\u00f3n y presentaci\u00f3n de los mismos) podcast, fotograf\u00edas, material audiovisual y gr\u00e1ficos, est\u00e1 protegida por marcas, derechos de autor y otros derechos leg\u00edtimos, de acuerdo con los tratados internacionales en los que Espa\u00f1a es parte y otros derechos de propiedad y leyes de Espa\u00f1a.<\/p>\n<p>En el caso de que un usuario o un tercero consideren que se ha producido una violaci\u00f3n de sus leg\u00edtimos derechos de propiedad intelectual por la introducci\u00f3n de un determinado contenido en la web, deber\u00e1 notificar dicha circunstancia a&nbsp;<u><a href=\"http:\/\/www.imeselectrosll.com\/\">www.imeselectrosll.com<\/a><\/u>indicando:<\/p>\n<ul>\n<li>Datos personales del interesado titular de los derechos presuntamente infringidos, o indicar la representaci\u00f3n con la que act\u00faa en caso de que la reclamaci\u00f3n la presente un tercero distinto del interesado.<\/li>\n<li>Se\u00f1alar los contenidos protegidos por los derechos de propiedad intelectual y su ubicaci\u00f3n en la web, la acreditaci\u00f3n de los derechos de propiedad intelectual se\u00f1alados y declaraci\u00f3n expresa en la que el interesado se responsabiliza de la veracidad de las informaciones facilitadas en la notificaci\u00f3n<\/li>\n<li>&nbsp;<\/li>\n<\/ul>\n<p><strong>&nbsp;<\/strong><\/p>\n<p><strong>Exclusi\u00f3n de garant\u00edas y responsabilidades<\/strong><\/p>\n<p>El Prestador no otorga ninguna garant\u00eda ni se hace responsable, en ning\u00fan caso, de los da\u00f1os y perjuicios de cualquier naturaleza que pudieran traer causa de:<\/p>\n<ul>\n<li>La falta de disponibilidad, mantenimiento y efectivo funcionamiento de la web, o de sus servicios y contenidos;<\/li>\n<li>La existencia de virus, programas maliciosos o lesivos en los contenidos;<\/li>\n<li>El uso il\u00edcito, negligente, fraudulento o contrario a este Aviso Legal;<\/li>\n<li>La falta de licitud, calidad, fiabilidad, utilidad y disponibilidad de los servicios prestados por terceros y puestos a disposici\u00f3n de los usuarios en el sitio web.<\/li>\n<li>El prestador no se hace responsable bajo ning\u00fan concepto de los da\u00f1os que pudieran dimanar del uso ilegal o indebido de la presente p\u00e1gina web.<\/li>\n<li>&nbsp;<\/li>\n<\/ul>\n<p><strong>Ley aplicable y jurisdicci\u00f3n<\/strong><\/p>\n<p>Con car\u00e1cter general las relaciones entre&nbsp;<u><a href=\"http:\/\/www.imeselectrosll.com\/\">www.imeselectrosll.com<\/a><\/u>con los Usuarios de sus servicios telem\u00e1ticos, presentes en esta web se encuentran sometidas a la legislaci\u00f3n y jurisdicci\u00f3n espa\u00f1olas y a los tribunales de Madrid.<\/p>\n<p>&nbsp;<\/p>\n<p><strong>Contacto<\/strong><\/p>\n<p>En caso de que cualquier Usuario tuviese alguna duda acerca de estas Condiciones legales o cualquier comentario sobre el portal decocruz.net, por favor dir\u00edjase a administracion@imeselectrosll.com<\/p>\n<p>El aviso legal ha sido actualizado por \u00faltima vez el 24 de mayo del 2018<\/p>\n<p>De parte del equipo que formamos&nbsp;<u><a href=\"http:\/\/www.imeselectrosll.com\/\">www.imeselectrosll.com<\/a><\/u>te agradecemos el tiempo dedicado en leer este Aviso Legal.<\/p>\n<p>&nbsp;<\/p>\n","protected":false},"excerpt":{"rendered":"<p>Aviso Legal Datos del Responsable \u2013 Identidad del Responsable:&nbsp;Imes Electro, S.L. \u2013 Nombre comercial:&nbsp; Imes Electro. \u2013 NIF\/CIF:&nbsp;B82279332 \u2013 Direcci\u00f3n:&nbsp; c\/ Alfareros [&hellip;]<\/p>\n","protected":false},"author":1,"featured_media":0,"parent":0,"menu_order":0,"comment_status":"closed","ping_status":"closed","template":"","meta":{"ngg_post_thumbnail":0,"footnotes":""},"class_list":["post-184","page","type-page","status-publish","hentry"],"_links":{"self":[{"href":"https:\/\/imeselectrosll.com\/index.php\/wp-json\/wp\/v2\/pages\/184","targetHints":{"allow":["GET"]}}],"collection":[{"href":"https:\/\/imeselectrosll.com\/index.php\/wp-json\/wp\/v2\/pages"}],"about":[{"href":"https:\/\/imeselectrosll.com\/index.php\/wp-json\/wp\/v2\/types\/page"}],"author":[{"embeddable":true,"href":"https:\/\/imeselectrosll.com\/index.php\/wp-json\/wp\/v2\/users\/1"}],"replies":[{"embeddable":true,"href":"https:\/\/imeselectrosll.com\/index.php\/wp-json\/wp\/v2\/comments?post=184"}],"version-history":[{"count":3,"href":"https:\/\/imeselectrosll.com\/index.php\/wp-json\/wp\/v2\/pages\/184\/revisions"}],"predecessor-version":[{"id":229,"href":"https:\/\/imeselectrosll.com\/index.php\/wp-json\/wp\/v2\/pages\/184\/revisions\/229"}],"wp:attachment":[{"href":"https:\/\/imeselectrosll.com\/index.php\/wp-json\/wp\/v2\/media?parent=184"}],"curies":[{"name":"wp","href":"https:\/\/api.w.org\/{rel}","templated":true}]}}