{"id":38,"date":"2018-07-11T12:09:31","date_gmt":"2018-07-11T12:09:31","guid":{"rendered":"http:\/\/imeselectrosll.com\/?page_id=38"},"modified":"2018-07-17T15:10:13","modified_gmt":"2018-07-17T15:10:13","slug":"la-empresa","status":"publish","type":"page","link":"https:\/\/imeselectrosll.com\/","title":{"rendered":"LA EMPRESA"},"content":{"rendered":"<p class=\"text4\"><strong>IMES ELECTRO S.L.<\/strong>&nbsp; fu\u00e9 fundada en 1.999, est\u00e1 ubicada en la calle alfareros, 1 A de San Mart\u00edn de Valdeiglesias, Madrid.<br \/>\nNuestra forma jur\u00eddica (sociedad limitada laboral) nos delata&nbsp; en la filosof\u00eda de la empresa, es una empresa creada para el autoempleo por tres socios trabajadores, (Valent\u00edn Rey, Enrique G\u00f3mez y Francisco Gonz\u00e1lez), que han ido ampliado progresivamente sus actividades, su dimensi\u00f3n y su ilusi\u00f3n por hacer nuevos proyectos, por hacer empresa y por satisfacer las necesidades de los clientes.<\/p>\n<p class=\"text4\"><strong>PERSONAL<\/strong><br \/>\nActualmente nuestra plantilla est\u00e1 formada por un grupo de profesionales que oscila entre 10 y 15 personas. Colaboramos estrechamente con el instituto de formaci\u00f3n profesional de SM de Valdeiglesias en la formaci\u00f3n de los alumnos facilit\u00e1ndoles la realizaci\u00f3n de pr\u00e1cticas de aprendizaje en nuestra empresa, algunos de estos alumnos contin\u00faan como trabajadores de nuestra plantilla. Entre nuestros empleados hay profesionales con una experiencia laboral de m\u00e1s de 30 a\u00f1os en el mundo de la electricidad.<\/p>\n<p class=\"text4\"><strong>TIPOS DE TRABAJOS<\/strong><br \/>\nContamos&nbsp; con un ingeniero superior que realiza los proyectos de las instalaciones de acuerdo a las necesidades y caracter\u00edsticas de las mismas. Realizamos tambi\u00e9n instalaciones de sistemas de protecci\u00f3n anti hurto, anti incendios, circuito cerrado de televisi\u00f3n , control de accesos, instalaciones de climatizaci\u00f3n, (aire acondicionado y calefacci\u00f3n el\u00e9ctrica). Adem\u00e1s de l\u00f3gicamente ser instaladores de baja tensi\u00f3n tipo especialista N\u00ba carnet 5757. Instalador mantenedor de alta tensi\u00f3n (carnet de la provincia de Avila) . Instalador de telecomunicaciones tipo A N \u00ba 4254. Instalador de dom\u00f3tica Parthner KNX N\u00ba 18834.<\/p>\n<p class=\"text4\"><strong>CALIDAD<\/strong><br \/>\nEn nuestro compromiso con la calidad tenemos implantado en nuestra empresa el certificado de calidad ISO 9001 con el N \u00ba EC-3401\/08 y tenemos previsto implantar la ISO 14001 para completar nuestro compromiso con el medio&nbsp; ambiente.<\/p>\n<p class=\"text4\"><strong>SEGURIDAD<\/strong><br \/>\nEn el plano de la seguridad, hemos realizado la formaci\u00f3n requerida por la ley vigente con los protocolos de seguridad propuestos por&nbsp; Prevenlabor como empresa de prevenci\u00f3n ajena. Adem\u00e1s tenemos un seguro de responsabilidad civil que cubre la cantidad de 1.5 millones de euros. Existen a disposici\u00f3n de nuestro personal los&nbsp; materiales y herramientas de seguridad necesarios, para hacer de su trabajo diario un trabajo seguro, siendo este tema de capital importancia en nuestra empresa. Adem\u00e1s de inculcar al trabajador la realizaci\u00f3n de los trabajos con seguridad orden y limpieza.<\/p>\n<p class=\"text4\"><strong>OFICINAS Y ALMAC\u00c9N<\/strong><br \/>\nNuestras instalaciones est\u00e1n formadas, por un almac\u00e9n de 400 m2 y unas oficinas de 200 m2, totalmente equipadas para la correcta ejecuci\u00f3n de trabajo diario de atenci\u00f3n a los clientes, proveedores y direcci\u00f3n general de la empresa con un amplio horario de atenci\u00f3n al p\u00fablico.<\/p>\n<p class=\"text4\"><strong>MEDIOS MATERIALES<\/strong><br \/>\nEntre nuestro medios materiales, contamos&nbsp; con una flota de 8 veh\u00edculos de diferentes tama\u00f1os para las necesidades de transporte de herramienta, materiales&nbsp; y personal que se puedan tener. Adem\u00e1s de toda la herramienta necesaria para la realizaci\u00f3n de los trabajos que hemos enumerado At Y B.T sobre todo. Disponemos de un cabrestante con una potencia de tiro de hasta 1500 kilos , gu\u00edas, rodillos, materiales aislantes y todo lo necesario para el correcto tendido de l\u00edneas subterr\u00e1neas de AT y B T en las mejores condiciones posibles.<\/p>\n<p class=\"text4\"><strong>\u00c1MBITO DE ACTUACI\u00d3N<\/strong><br \/>\nNuestro \u00e1mbito de actuaci\u00f3n es&nbsp; nacional pero l\u00f3gicamente nuestros trabajos se centran m\u00e1s en nuestro radio de acci\u00f3n m\u00e1s cercano siendo este las provincias de Madrid, Toledo y Avila, y habiendo realizado trabajos adem\u00e1s de en las provincias mencionadas en Badajoz, Sevilla, Barcelona.<\/p>\n","protected":false},"excerpt":{"rendered":"<p>IMES ELECTRO S.L.&nbsp; fu\u00e9 fundada en 1.999, est\u00e1 ubicada en la calle alfareros, 1 A de San Mart\u00edn de Valdeiglesias, Madrid. Nuestra [&hellip;]<\/p>\n","protected":false},"author":1,"featured_media":0,"parent":0,"menu_order":0,"comment_status":"closed","ping_status":"closed","template":"","meta":{"ngg_post_thumbnail":0,"footnotes":""},"class_list":["post-38","page","type-page","status-publish","hentry"],"_links":{"self":[{"href":"https:\/\/imeselectrosll.com\/index.php\/wp-json\/wp\/v2\/pages\/38","targetHints":{"allow":["GET"]}}],"collection":[{"href":"https:\/\/imeselectrosll.com\/index.php\/wp-json\/wp\/v2\/pages"}],"about":[{"href":"https:\/\/imeselectrosll.com\/index.php\/wp-json\/wp\/v2\/types\/page"}],"author":[{"embeddable":true,"href":"https:\/\/imeselectrosll.com\/index.php\/wp-json\/wp\/v2\/users\/1"}],"replies":[{"embeddable":true,"href":"https:\/\/imeselectrosll.com\/index.php\/wp-json\/wp\/v2\/comments?post=38"}],"version-history":[{"count":4,"href":"https:\/\/imeselectrosll.com\/index.php\/wp-json\/wp\/v2\/pages\/38\/revisions"}],"predecessor-version":[{"id":239,"href":"https:\/\/imeselectrosll.com\/index.php\/wp-json\/wp\/v2\/pages\/38\/revisions\/239"}],"wp:attachment":[{"href":"https:\/\/imeselectrosll.com\/index.php\/wp-json\/wp\/v2\/media?parent=38"}],"curies":[{"name":"wp","href":"https:\/\/api.w.org\/{rel}","templated":true}]}}