{"id":41,"date":"2018-07-11T12:12:27","date_gmt":"2018-07-11T12:12:27","guid":{"rendered":"http:\/\/imeselectrosll.com\/?page_id=41"},"modified":"2018-07-17T15:02:18","modified_gmt":"2018-07-17T15:02:18","slug":"obras-realizadas","status":"publish","type":"page","link":"https:\/\/imeselectrosll.com\/index.php\/obras-realizadas\/","title":{"rendered":"OBRAS REALIZADAS"},"content":{"rendered":"<p class=\"text5\" style=\"text-align: left;\" align=\"center\"><span class=\"Estilo53\">RELACI\u00d3N DE OBRAS EJECUTADAS<\/span><\/p>\n<p class=\"text5\" style=\"text-align: left;\" align=\"center\"><strong>REDES DE BAJA TENSI\u00d3N , L\u00cdNEAS DE MEDIA TENSI\u00d3N&nbsp;Y CENTROS DE TRANSFORMACI\u00d3N<\/strong><\/p>\n<p class=\"text5\">*Electrificaci\u00f3n del pol\u00edgono industrial de Pelayos de la Presa, realizaci\u00f3n de red de media tensi\u00f3n, dos centros de transformaci\u00f3n de distribuci\u00f3n, red de distribuci\u00f3n de baja tensi\u00f3n (constructora Consvial).<\/p>\n<p class=\"text5\">*Red de media tensi\u00f3n , red de baja tensi\u00f3n , y centro de transformaci\u00f3n para suministro de urbanizaci\u00f3n de chalets en la urbanizaci\u00f3n de Pinar del Valle en Navahondilla.<\/p>\n<p><img loading=\"lazy\" decoding=\"async\" src=\"http:\/\/www.imeselectrosll.com\/empresa_clip_image002.jpg\" alt=\"DSC00093.JPG\" width=\"200\" height=\"150\"><\/p>\n<p class=\"text5\">*Red de Media tensi\u00f3n para alimentar C.T. a\u00e9reo para suministro de casa rural en Casillas.<\/p>\n<p><img loading=\"lazy\" decoding=\"async\" src=\"http:\/\/www.imeselectrosll.com\/empresa_clip_image004.jpg\" alt=\"DSC00524.JPG\" width=\"200\" height=\"149\"><\/p>\n<p class=\"text5\">*Centro de transformaci\u00f3n de abonado , con celdas de maniobra para compa\u00f1\u00eda. Para suministro de energ\u00eda de centro comercial en SM de Valdeiglesias.<\/p>\n<p><img loading=\"lazy\" decoding=\"async\" src=\"http:\/\/www.imeselectrosll.com\/empresa_clip_image006.jpg\" alt=\"IMAG0011.JPG\" width=\"200\" height=\"150\"><\/p>\n<p class=\"text5\">*Red de Media tensi\u00f3n , centro de transformaci\u00f3n de transferencia y dos centros de transformaci\u00f3n uno con 5 m\u00e1quinas de 100 kvas y otro con 4 m\u00e1quinas de 100 kvas para planta de energ\u00eda solar en Gerindote con una capacidad de producci\u00f3n de 900 kw.<\/p>\n<p><img loading=\"lazy\" decoding=\"async\" src=\"http:\/\/www.imeselectrosll.com\/empresa_clip_image008.jpg\" alt=\"DSC00058.JPG\" width=\"200\" height=\"150\"><\/p>\n<p class=\"text5\">*Red de media tensi\u00f3n para alimentaci\u00f3n de C.T. subterr\u00e1neo para distribuci\u00f3n y maniobra, alimentaci\u00f3n de&nbsp; C.T. de abonado , realizado de obra, para suministro de supermercado Joalte en El Tiemblo.<\/p>\n<p class=\"text5\">*Centro de transformaci\u00f3n subterr\u00e1neo y red de baja tensi\u00f3n para suministro de viviendas en San Mart\u00edn de Valdeiglesias para la constructora Budman.<\/p>\n<p class=\"text5\">*Red de baja tensi\u00f3n, Media tensi\u00f3n y centro de transformaci\u00f3n para suministro de urbanizaci\u00f3n la Lobera 1 y 2 en San Mart\u00edn de Valdeiglesias, para construcciones Sevillano.<\/p>\n<p><img loading=\"lazy\" decoding=\"async\" src=\"http:\/\/www.imeselectrosll.com\/empresa_clip_image010.jpg\" alt=\"IMAG0016.JPG\" width=\"200\" height=\"266\"><\/p>\n<p class=\"text5\">*Red de baja tensi\u00f3n y media tensi\u00f3n, adem\u00e1s de dos centros de transformaci\u00f3n para red de distribuci\u00f3n de unidad de ejecuci\u00f3n en SM de Valdeiglesias (Terrenos de Carrefour).<\/p>\n<p class=\"text5\">*Red de baja tensi\u00f3n para alimentaci\u00f3n de edificio de viviendas en la C\/ Vergara de Cebreros.<\/p>\n<p class=\"text5\">*Red de baja tensi\u00f3n , C.T. de distribuci\u00f3n para urbanizaci\u00f3n de viviendas , en Cebreros , Urb. &nbsp;Dehesa Pinillos.<\/p>\n<p><img loading=\"lazy\" decoding=\"async\" src=\"http:\/\/www.imeselectrosll.com\/empresa_clip_image012.jpg\" alt=\"DSC00038.JPG\" width=\"200\" height=\"267\"><\/p>\n<p class=\"text5\">*Red de M.T. y centro de transformaci\u00f3n de abonado, con celdas de maniobra de compa\u00f1\u00eda para suministro de residencia de ancianos en SM de Valdeiglesias (San Mart\u00edn de Tous).<\/p>\n<p class=\"text5\">*Red de baja tensi\u00f3n de distribuci\u00f3n para el pol\u00edgono industrial Garc\u00eda Ribera de Parla alimentaci\u00f3n de 40 naves comerciales.<\/p>\n<p class=\"text5\">*Centro de transformaci\u00f3n de abonado para alimentaci\u00f3n de piscina climatizada y zona deportiva para el ayto. de SM de San Mart\u00edn de valdeiglesias.<\/p>\n<p class=\"text5\">*Realizaci\u00f3n de instalaci\u00f3n de Media tensi\u00f3n, colocaci\u00f3n y conexionado de centro de reparto de media tensi\u00f3n, colocaci\u00f3n y conexionado de centros de transformaci\u00f3n, modificaci\u00f3n de red de media tensi\u00f3n en la base del Inta (nasa) en Robledo de Chavela. Alimentaci\u00f3n de antenas para seguimiento espacial.<\/p>\n<p><img loading=\"lazy\" decoding=\"async\" src=\"http:\/\/www.imeselectrosll.com\/empresa_clip_image014.jpg\" alt=\"IMAG0006.JPG\" width=\"200\" height=\"266\"><\/p>\n<p class=\"text5\">*Instalaci\u00f3n de red de MT centros de transformaci\u00f3n de abonado prefabricados y de obra para f\u00e1brica de granitos en Cadalso de los Vidrios, redes de baja tensi\u00f3n para alimentaci\u00f3n de las canteras. Cliente: Levantina&nbsp; Pavimentos de Granito.<\/p>\n<p><img loading=\"lazy\" decoding=\"async\" src=\"http:\/\/www.imeselectrosll.com\/empresa_clip_image016.jpg\" alt=\"IMAG0008.JPG\" width=\"200\" height=\"266\"><\/p>\n<p class=\"text5\">*Realizaci\u00f3n de centro de transformaci\u00f3n de abonado en obra para suministro al hotel La Salve en Torrijos (Toledo).<\/p>\n<p class=\"text5\">*Red de Media tensi\u00f3n y centro de transformaci\u00f3n de reparto para instalaciones deportivas en Pelayos de la Presa (Empresa Consvial).<\/p>\n<p class=\"text5\">* Soterramiento de l\u00ednea de media tensi\u00f3n para ejecuci\u00f3n de nave industrial en Navas del Rey Para la empresa Pavimarsa S.A.<\/p>\n<p><img loading=\"lazy\" decoding=\"async\" src=\"http:\/\/www.imeselectrosll.com\/empresa_clip_image018.jpg\" alt=\"Imagen089.jpg\" width=\"200\" height=\"150\"><\/p>\n<p class=\"text5\" style=\"text-align: left;\" align=\"center\"><strong>INSTALACI\u00d3N DE PARARRAYOS<\/strong><\/p>\n<p class=\"text5\">* Canteras de Cadalso instalaci\u00f3n de 3 uds. Levantina Pavimentos de Granito.<\/p>\n<p><img loading=\"lazy\" decoding=\"async\" src=\"http:\/\/www.imeselectrosll.com\/empresa_clip_image020.jpg\" alt=\"IMAG0025.JPG\" width=\"200\" height=\"266\"><\/p>\n<p class=\"text5\">*Viviendas unifamiliares.<\/p>\n<p class=\"text5\">*Camping Do remor en Cabanillas de la Sierra.<\/p>\n<p class=\"text5\">*Residencia de ancianos en SM de valdeiglesias.<\/p>\n<p class=\"text5\">*Plante de producci\u00f3n de energ\u00eda solar en Gerindote (2 Uds).<\/p>\n<p><img loading=\"lazy\" decoding=\"async\" src=\"http:\/\/www.imeselectrosll.com\/empresa_clip_image022.jpg\" alt=\"DSC00048.JPG\" width=\"200\" height=\"149\"><\/p>\n<p class=\"text5\">*Polideportivo de Villa del Prado.<\/p>\n<p><span class=\"text5\"><img loading=\"lazy\" decoding=\"async\" src=\"http:\/\/www.imeselectrosll.com\/empresa_clip_image024.jpg\" alt=\"IMAG0012.JPG\" width=\"200\" height=\"266\"><\/span><\/p>\n<p class=\"text5\" style=\"text-align: left;\" align=\"center\"><strong>INSTALACIONES EN LOCALES DE P\u00daBLICA CONCURRENCIA<\/strong><\/p>\n<p class=\"text5\"><strong>*<\/strong>Guarder\u00eda o casita de ni\u00f1os en San Mart\u00edn de valdeiglesias, constructora Copesa.<\/p>\n<p class=\"text5\">*Guarder\u00eda o casita de ni\u00f1os&nbsp; en Chapiner\u00eda, Constructora Copesa.<\/p>\n<p class=\"text5\">* Iluminaci\u00f3n ornamental y decorativa del interior de la Iglesia de Pelayos de la Presa.<\/p>\n<p class=\"text5\">*Iluminaci\u00f3n de galer\u00eda comercial Arenal 9 en Madrid, reposici\u00f3n del alumbrado interior de toda la galer\u00eda.<\/p>\n<p class=\"text5\">*Iluminaci\u00f3n de la Jamoner\u00eda &nbsp;Ferpal, en la calle Arenal de Madrid.<\/p>\n<p class=\"text5\">*Instalaci\u00f3n el\u00e9ctrica general en granja escuela, en San Mart\u00edn de Valdeiglesias.<\/p>\n<p class=\"text5\">*Iluminaci\u00f3n exterior de la fachada del hotel Regente.<\/p>\n<p><img loading=\"lazy\" decoding=\"async\" src=\"http:\/\/www.imeselectrosll.com\/empresa_clip_image026.jpg\" alt=\"DSC04172.JPG\" width=\"200\" height=\"150\"><\/p>\n<p class=\"text5\">*Reforma&nbsp; de la instalaci\u00f3n el\u00e9ctrica y ampliaci\u00f3n del hotel Europa en Madrid.<\/p>\n<p class=\"text5\">*Reforma&nbsp; de la instalaci\u00f3n el\u00e9ctrica y ampliaci\u00f3n del hotel Regente en Madrid.<\/p>\n<p class=\"text5\">*Reforma&nbsp; de la instalaci\u00f3n el\u00e9ctrica y ampliaci\u00f3n del hotel Regina en Madrid.<\/p>\n<p class=\"text5\">*Instalaci\u00f3n en casa Rural en SM de valdeiglesias (Casa de Labranza).<\/p>\n<p class=\"text5\">*Instalaci\u00f3n en hotel rural Las Conchas de SM de Valdeiglesias.<\/p>\n<p class=\"text5\">*Instalaci\u00f3n el\u00e9ctrica general&nbsp; del Caf\u00e9 teatro en San Mart\u00edn de Valdeiglesias (Constructora Copes).<\/p>\n<p class=\"text5\">* Instalaci\u00f3n completa del hotel La Salve en Torrijos, (Toledo).<\/p>\n<p><img loading=\"lazy\" decoding=\"async\" src=\"http:\/\/www.imeselectrosll.com\/empresa_clip_image028.jpg\" alt=\"PB160923.JPG\" width=\"200\" height=\"150\"><\/p>\n<p class=\"text5\">*Instalaci\u00f3n el\u00e9ctrica del bar las tapas de FERPAL en Madrid.<\/p>\n<p class=\"text5\">*Instalaciones el\u00e9ctricas en la camiser\u00eda el Castillo 1 y 2 en la calle Arenal de Madrid.<\/p>\n<p><img loading=\"lazy\" decoding=\"async\" src=\"http:\/\/www.imeselectrosll.com\/empresa_clip_image030.jpg\" alt=\"IMAG0072.JPG\" width=\"200\" height=\"150\"><\/p>\n<p class=\"text5\">*Instalaci\u00f3n el\u00e9ctrica en tienda de textiles E Y B de san Mart\u00edn de Valdeiglesias.<\/p>\n<p><img loading=\"lazy\" decoding=\"async\" src=\"http:\/\/www.imeselectrosll.com\/empresa_clip_image032.jpg\" alt=\"TIENDA CURRO 006.jpg\" width=\"200\" height=\"150\"><\/p>\n<p class=\"text5\">*Instalaci\u00f3n el\u00e9ctrica en polideportivo municipal de Villa del Prado (constructora Copesa).<\/p>\n<p><img loading=\"lazy\" decoding=\"async\" src=\"http:\/\/www.imeselectrosll.com\/empresa_clip_image034.jpg\" alt=\"IMAG0006.JPG\" width=\"200\" height=\"150\"><\/p>\n<p class=\"text5\">* Instalaci\u00f3n el\u00e9ctrica en aula deportiva del colegio p\u00fablico de Chapiner\u00eda (Construcciones Sevillano).<\/p>\n<p class=\"text5\">*Instalaci\u00f3n el\u00e9ctrica general de exposici\u00f3n y ampliaci\u00f3n de almacenes para Pavimarsa &#8211; Porcelanosa en Navas del Rey.<\/p>\n<p><img loading=\"lazy\" decoding=\"async\" src=\"http:\/\/www.imeselectrosll.com\/empresa_clip_image036.jpg\" alt=\"PAVIMARSA NAVAS 013.jpg\" width=\"200\" height=\"266\"><\/p>\n<p class=\"text5\">* Instalaci\u00f3n el\u00e9ctrica general en exposici\u00f3n y almacenes para Pavimarsa Porcelanosa en Avila.<\/p>\n<p class=\"text5\">*Instalaci\u00f3n el\u00e9ctrica general para piscina climatizada en San Mart\u00edn de Valdeiglesias (constructora Copesa).<\/p>\n<p><img loading=\"lazy\" decoding=\"async\" src=\"http:\/\/www.imeselectrosll.com\/empresa_clip_image038.jpg\" alt=\"PISCINA 003.jpg\" width=\"200\" height=\"149\"><\/p>\n<p class=\"text5\">*Instalaci\u00f3n el\u00e9ctrica de piscina municipal de Pelayos de la Presa (constructora Consvial).<\/p>\n<p class=\"text5\">*Residencia de ancianos en&nbsp; Pelayos de la Presa.<\/p>\n<p class=\"text5\">*Residencia de ancianos en SM de Valdeiglesias.<\/p>\n<p class=\"text5\">*Carpa de bodas restaurante la amistad en SM de Valdeiglesias.<\/p>\n<p class=\"text5\">*Carpa de bodas restaurante El Cenador del Lago en SM de Valdeiglesias.<\/p>\n<p><img loading=\"lazy\" decoding=\"async\" src=\"http:\/\/www.imeselectrosll.com\/empresa_clip_image040.jpg\" alt=\"IMAG0013.JPG\" width=\"200\" height=\"150\"><\/p>\n<p class=\"text5\">*Restaurante Arcos de la corredera en SM de Valdeiglesias.<\/p>\n<p class=\"text5\">*Tiendas para Vodafone en el Centro comercial Opci\u00f3n, en Toledo, en San Mart\u00edn de Valdeiglesias y oficinas en Villaviciosa de Od\u00f3n.<\/p>\n<p><img loading=\"lazy\" decoding=\"async\" src=\"http:\/\/www.imeselectrosll.com\/empresa_clip_image042.jpg\" alt=\"VODAFONE DICAE 005.jpg\" width=\"200\" height=\"150\"><\/p>\n<p class=\"text5\">*Oficinas centrales de Adarve corporaci\u00f3n jur\u00eddica en Madrid y oficinas en Barcelona y Sevilla.<\/p>\n<p class=\"text5\"><strong>INSTALACIONES INDUSTRIALES<\/strong><\/p>\n<p class=\"text5\">*Almacenes centrales mantenimiento y ampliaci\u00f3n de almac\u00e9n de la empresa log\u00edstica ALC.<\/p>\n<p class=\"text5\">*Taller mec\u00e1nico de chapa y pintura en Vallecas.<\/p>\n<p class=\"text5\">*Taller mec\u00e1nico en Villa del&nbsp; Prado.<\/p>\n<p><img loading=\"lazy\" decoding=\"async\" src=\"http:\/\/www.imeselectrosll.com\/empresa_clip_image044.jpg\" alt=\"DSC00054.JPG\" width=\"200\" height=\"150\"><\/p>\n<p class=\"text5\">*Fabrica de pavimento de granito en Cadalso de los Vidrios.<\/p>\n<p><img loading=\"lazy\" decoding=\"async\" src=\"http:\/\/www.imeselectrosll.com\/empresa_clip_image046.jpg\" alt=\"IMAG0005.JPG\" width=\"283\" height=\"213\"><\/p>\n<p class=\"text5\">* 40 Naves comerciales en el pol\u00edgono industrial Garc\u00eda Ribera de Parla.<\/p>\n<p><img loading=\"lazy\" decoding=\"async\" src=\"http:\/\/www.imeselectrosll.com\/empresa_clip_image048.jpg\" alt=\"SNC00121.jpg\" width=\"200\" height=\"150\"><\/p>\n<p class=\"text5\">* Modificaci\u00f3n y mantenimiento de Naves en el pol\u00edgonos los gallegos de la empresa Innava<\/p>\n<p class=\"text5\">*Instalaci\u00f3n el\u00e9ctrica en Bodega para elaboraci\u00f3n de vinos en SM de Valdeiglesias (constructora Copesa).<\/p>\n<p class=\"text5\">*Mantenimiento reforma y ampliaci\u00f3n de la bodega cooperativa de SM de Valdeiglesias.<\/p>\n<p class=\"text5\">*Mantenimiento reforma y ampliaci\u00f3n de la Almazara de SM de Valdeiglesias.<\/p>\n<p class=\"text5\" style=\"text-align: left;\" align=\"center\"><strong>ENERG\u00cdAS RENOVABLES<\/strong><\/p>\n<p class=\"text5\">Instalaci\u00f3n para producci\u00f3n de energ\u00eda solar con m\u00f3dulos orientables con una capacidad de producci\u00f3n de 900 kw, GERINDOTE Empresa Fotovolcentro.<\/p>\n<p><img loading=\"lazy\" decoding=\"async\" src=\"http:\/\/www.imeselectrosll.com\/empresa_clip_image050.jpg\" alt=\"SNC00002.jpg\" width=\"200\" height=\"150\"><\/p>\n<p class=\"text5\">*Instalaci\u00f3n de producci\u00f3n de energ\u00eda solar sobre tejado de 20 kw En SM de Valdeiglesias&nbsp; (Imes Electro S.L.).<\/p>\n<p class=\"text5\">*Instalaci\u00f3n de producci\u00f3n de energ\u00eda solar sobre tejado de 20 kw en SM de Valdeiglesias, (Cristaler\u00eda Cabezuela).<\/p>\n<p class=\"text5\" style=\"text-align: left;\" align=\"center\"><strong>ALUMBRADO P\u00daBLICO Y VIAL<\/strong><\/p>\n<p class=\"text5\">*Pol\u00edgono industrial Garc\u00eda Ribera de Parla(Innava S.A.).<\/p>\n<p><img loading=\"lazy\" decoding=\"async\" src=\"http:\/\/www.imeselectrosll.com\/empresa_clip_image052.jpg\" alt=\"29-01-09_1701.jpg\" width=\"200\" height=\"150\"><\/p>\n<p class=\"text5\">*Todas las fases de la urbanizaci\u00f3n la Lobera en SM de Valdeiglesias (construcciones Sevillano).<\/p>\n<p class=\"text5\">*Pol\u00edgono industrial de Pelayos de la Presa (constructora Consvial).<\/p>\n<p class=\"text5\">*Avd de marcial Llorente ( parte industrial ) Pelayos de la Presa.<\/p>\n<p class=\"text5\">*Antigua rotonda de la carretera M 501 en chapiner\u00eda (Constructora Consvial).<\/p>\n<p class=\"text5\">* Avenida de Barzales en SM de Valdeiglesias (Constructora Consvial).<\/p>\n<p class=\"text5\">*Alumbrado P\u00fablico en la carretera de acceso a la Ciudad de San Ram\u00f3n en Pelayos de la Presa (Constructora Consvial).<\/p>\n<p class=\"text5\">* Urbanizaci\u00f3n La lobera En SM de Valdeiglesias (Construcciones Sevillano).<\/p>\n<p><img loading=\"lazy\" decoding=\"async\" src=\"http:\/\/www.imeselectrosll.com\/empresa_clip_image054.jpg\" alt=\"PB260952.JPG\" width=\"200\" height=\"267\"><\/p>\n<p class=\"text5\" style=\"text-align: left;\" align=\"center\"><strong>OTROS TIPOS DE INSTALACIONES<\/strong><\/p>\n<p class=\"text5\">*INSTALACIONES EN VIVIENDAS (RESIDENCIAL)<\/p>\n<blockquote>\n<p class=\"text5\">* UNIFAMILIARES<br \/>\n* BLOQUES DE VIVIENDAS<br \/>\n* URBANIZACIONES<\/p>\n<\/blockquote>\n<p class=\"text5\">* INSTALACIONES DE DOM\u00d3TICA<\/p>\n<p class=\"text5\">*SERVICIO DE AVER\u00cdAS<\/p>\n<p class=\"text5\">*TRABAJOS DE MANTENIMIENTO Y CONSERVACI\u00d3N<\/p>\n<p class=\"text5\">*INSTALACIONES&nbsp; DE TELECOMUNICACIONES<\/p>\n<blockquote>\n<p class=\"text5\">*ANTENAS DE TV<\/p>\n<blockquote>\n<p class=\"text5\">*TERRESTRE<br \/>\n*SAT\u00c9LITE<\/p>\n<\/blockquote>\n<p class=\"text5\">*REDES INFORM\u00c1TICAS (Cableado estructural)<br \/>\n*TELEFON\u00cdA (ITC) (centralitas de tf)<br \/>\n*PORTEROS Y VIDEOPORTEROS<\/p>\n<\/blockquote>\n<p class=\"text5\">*CLIMATIZACI\u00d3N<\/p>\n<blockquote>\n<p class=\"text5\">*AIRE ACONDICIONADO<br \/>\n*CALEFACCI\u00d3N EL\u00c9CTRICA (Calor azul)<\/p>\n<\/blockquote>\n<p class=\"text5\">*SEGURIDAD<\/p>\n<blockquote>\n<p class=\"text5\">*ALARMAS DE ROBO<br \/>\n*ALARMAS DE INCENDIO<br \/>\n*DETECCI\u00d3N CO2<br \/>\n*CIRCUITO CERRADO DE TV<\/p>\n<\/blockquote>\n","protected":false},"excerpt":{"rendered":"<p>RELACI\u00d3N DE OBRAS EJECUTADAS REDES DE BAJA TENSI\u00d3N , L\u00cdNEAS DE MEDIA TENSI\u00d3N&nbsp;Y CENTROS DE TRANSFORMACI\u00d3N *Electrificaci\u00f3n del pol\u00edgono industrial de Pelayos [&hellip;]<\/p>\n","protected":false},"author":1,"featured_media":0,"parent":0,"menu_order":0,"comment_status":"closed","ping_status":"closed","template":"","meta":{"ngg_post_thumbnail":0,"footnotes":""},"class_list":["post-41","page","type-page","status-publish","hentry"],"_links":{"self":[{"href":"https:\/\/imeselectrosll.com\/index.php\/wp-json\/wp\/v2\/pages\/41","targetHints":{"allow":["GET"]}}],"collection":[{"href":"https:\/\/imeselectrosll.com\/index.php\/wp-json\/wp\/v2\/pages"}],"about":[{"href":"https:\/\/imeselectrosll.com\/index.php\/wp-json\/wp\/v2\/types\/page"}],"author":[{"embeddable":true,"href":"https:\/\/imeselectrosll.com\/index.php\/wp-json\/wp\/v2\/users\/1"}],"replies":[{"embeddable":true,"href":"https:\/\/imeselectrosll.com\/index.php\/wp-json\/wp\/v2\/comments?post=41"}],"version-history":[{"count":8,"href":"https:\/\/imeselectrosll.com\/index.php\/wp-json\/wp\/v2\/pages\/41\/revisions"}],"predecessor-version":[{"id":232,"href":"https:\/\/imeselectrosll.com\/index.php\/wp-json\/wp\/v2\/pages\/41\/revisions\/232"}],"wp:attachment":[{"href":"https:\/\/imeselectrosll.com\/index.php\/wp-json\/wp\/v2\/media?parent=41"}],"curies":[{"name":"wp","href":"https:\/\/api.w.org\/{rel}","templated":true}]}}