{"id":55,"date":"2018-07-11T12:25:18","date_gmt":"2018-07-11T12:25:18","guid":{"rendered":"http:\/\/imeselectrosll.com\/?page_id=55"},"modified":"2018-07-11T12:26:59","modified_gmt":"2018-07-11T12:26:59","slug":"telecomunicaciones","status":"publish","type":"page","link":"https:\/\/imeselectrosll.com\/index.php\/telecomunicaciones\/","title":{"rendered":"Telecomunicaciones"},"content":{"rendered":"<div id=\"telecomunicaciones\" class=\"text4\">\n<p><strong>Telecomunicaciones<\/strong><\/p>\n<p>Instalador autorizado por el Ministerio de Ciencia y Telecnolog\u00eda<br \/>\nTIPO A N\u00famero de registro 4254<\/p>\n<ul>\n<li><strong>Sonido<\/strong><\/li>\n<\/ul>\n<ul>\n<li><strong>TV<\/strong><br \/>\nTerrestre<\/p>\n<div id=\"apDiv2\"><img loading=\"lazy\" decoding=\"async\" src=\"http:\/\/www.imeselectrosll.com\/images\/antena_tv.jpg\" alt=\"Antena TV\" width=\"250\" height=\"188\" \/><\/div>\n<p>Sat\u00e9lite<\/li>\n<\/ul>\n<ul>\n<li><strong>Telefon\u00eda<\/strong><\/li>\n<\/ul>\n<ul>\n<li><strong>Alarmas<br \/>\n<\/strong>Circuito cerrado de TV<br \/>\nIncendio<br \/>\nRobo<\/li>\n<\/ul>\n<\/div>\n<div id=\"climatizacion\" class=\"text4\"><\/div>\n<div id=\"certificados\">\n<div id=\"apDiv6\"><\/div>\n<\/div>\n","protected":false},"excerpt":{"rendered":"<p>Telecomunicaciones Instalador autorizado por el Ministerio de Ciencia y Telecnolog\u00eda TIPO A N\u00famero de registro 4254 Sonido TV Terrestre Sat\u00e9lite Telefon\u00eda Alarmas [&hellip;]<\/p>\n","protected":false},"author":1,"featured_media":0,"parent":0,"menu_order":0,"comment_status":"closed","ping_status":"closed","template":"","meta":{"ngg_post_thumbnail":0,"footnotes":""},"class_list":["post-55","page","type-page","status-publish","hentry"],"_links":{"self":[{"href":"https:\/\/imeselectrosll.com\/index.php\/wp-json\/wp\/v2\/pages\/55","targetHints":{"allow":["GET"]}}],"collection":[{"href":"https:\/\/imeselectrosll.com\/index.php\/wp-json\/wp\/v2\/pages"}],"about":[{"href":"https:\/\/imeselectrosll.com\/index.php\/wp-json\/wp\/v2\/types\/page"}],"author":[{"embeddable":true,"href":"https:\/\/imeselectrosll.com\/index.php\/wp-json\/wp\/v2\/users\/1"}],"replies":[{"embeddable":true,"href":"https:\/\/imeselectrosll.com\/index.php\/wp-json\/wp\/v2\/comments?post=55"}],"version-history":[{"count":2,"href":"https:\/\/imeselectrosll.com\/index.php\/wp-json\/wp\/v2\/pages\/55\/revisions"}],"predecessor-version":[{"id":61,"href":"https:\/\/imeselectrosll.com\/index.php\/wp-json\/wp\/v2\/pages\/55\/revisions\/61"}],"wp:attachment":[{"href":"https:\/\/imeselectrosll.com\/index.php\/wp-json\/wp\/v2\/media?parent=55"}],"curies":[{"name":"wp","href":"https:\/\/api.w.org\/{rel}","templated":true}]}}