{"id":73,"date":"2018-07-11T12:40:18","date_gmt":"2018-07-11T12:40:18","guid":{"rendered":"http:\/\/imeselectrosll.com\/?page_id=73"},"modified":"2018-07-17T14:57:14","modified_gmt":"2018-07-17T14:57:14","slug":"donde-estamos","status":"publish","type":"page","link":"https:\/\/imeselectrosll.com\/index.php\/donde-estamos\/","title":{"rendered":"CONTACTO"},"content":{"rendered":"<header class=\"entry-header\">\n<div class=\"wpcf7 no-js\" id=\"wpcf7-f171-o1\" lang=\"es-ES\" dir=\"ltr\">\n<div class=\"screen-reader-response\"><p role=\"status\" aria-live=\"polite\" aria-atomic=\"true\"><\/p> <ul><\/ul><\/div>\n<form action=\"\/index.php\/wp-json\/wp\/v2\/pages\/73#wpcf7-f171-o1\" method=\"post\" class=\"wpcf7-form init\" aria-label=\"Formulario de contacto\" novalidate=\"novalidate\" data-status=\"init\">\n<div style=\"display: none;\">\n<input type=\"hidden\" name=\"_wpcf7\" value=\"171\" \/>\n<input type=\"hidden\" name=\"_wpcf7_version\" value=\"5.7.5.1\" \/>\n<input type=\"hidden\" name=\"_wpcf7_locale\" value=\"es_ES\" \/>\n<input type=\"hidden\" name=\"_wpcf7_unit_tag\" value=\"wpcf7-f171-o1\" \/>\n<input type=\"hidden\" name=\"_wpcf7_container_post\" value=\"0\" \/>\n<input type=\"hidden\" name=\"_wpcf7_posted_data_hash\" value=\"\" \/>\n<\/div>\n<p>Nombre\n<\/p>\n<p><span class=\"wpcf7-form-control-wrap\" data-name=\"Nombre\"><input size=\"40\" class=\"wpcf7-form-control wpcf7-text wpcf7-validates-as-required\" aria-required=\"true\" aria-invalid=\"false\" value=\"\" type=\"text\" name=\"Nombre\" \/><\/span>\n<\/p>\n<p>Email (requerido)\n<\/p>\n<p><span class=\"wpcf7-form-control-wrap\" data-name=\"Email\"><input size=\"40\" class=\"wpcf7-form-control wpcf7-text wpcf7-email wpcf7-validates-as-required wpcf7-validates-as-email\" aria-required=\"true\" aria-invalid=\"false\" value=\"\" type=\"email\" name=\"Email\" \/><\/span>\n<\/p>\n<p>Asunto\n<\/p>\n<p><span class=\"wpcf7-form-control-wrap\" data-name=\"Asunto\"><input size=\"40\" class=\"wpcf7-form-control wpcf7-text\" aria-invalid=\"false\" value=\"\" type=\"text\" name=\"Asunto\" \/><\/span>\n<\/p>\n<p>Mensaje (requerido)\n<\/p>\n<p><span class=\"wpcf7-form-control-wrap\" data-name=\"your-message\"><textarea cols=\"40\" rows=\"10\" class=\"wpcf7-form-control wpcf7-textarea\" aria-invalid=\"false\" name=\"your-message\"><\/textarea><\/span>\n<\/p>\n<p><span class=\"wpcf7-form-control-wrap\" data-name=\"acceptance-88\"><span class=\"wpcf7-form-control wpcf7-acceptance\"><span class=\"wpcf7-list-item\"><input type=\"checkbox\" name=\"acceptance-88\" value=\"1\" aria-invalid=\"false\" \/><\/span><\/span><\/span><small>Acepto la <a target=\"_blank\" href=\"https:\/\/imeselectrosll.com\/index.php\/privacy-policy\/\">Pol\u00edtica de privacidad<\/a><\/small>\n<\/p>\n<p><input class=\"wpcf7-form-control has-spinner wpcf7-submit\" type=\"submit\" value=\"Enviar\" \/>\n<\/p><div class=\"wpcf7-response-output\" aria-hidden=\"true\"><\/div>\n<\/form>\n<\/div>\nImes Electro te informa que los datos de car\u00e1cter personal que nos proporciones ser\u00e1n tratados por Imes Electro, S. L. &nbsp;(Imes Electro) como responsable de esta web.&nbsp;La finalidad de la recogida y tratamiento de los datos personales que te solicitamos es enviarte la respuesta a tu consulta a trav\u00e9s de este medio. En ning\u00fan caso te recabamos tus datos de contacto para enviarte informaci\u00f3n o promociones de productos y\/o servicios. La legitimaci\u00f3n se realiza a trav\u00e9s del consentimiento del interesado. Podr\u00e1s ejercer tus derechos de acceso, rectificaci\u00f3n, limitaci\u00f3n y suprimir los datos en <a class=\"d\" target=\"_blank\">administracion@imeselectrosll.com&nbsp;<\/a>as\u00ed como el derecho a presentar una reclamaci\u00f3n ante una autoridad de control. Puedes consultar la informaci\u00f3n adicional y detallada sobre Protecci\u00f3n de Datos en nuestra&nbsp;pol\u00edtica de&nbsp;privacidad.&nbsp;<\/p>\n<h1 class=\"title-post entry-title\"><img loading=\"lazy\" decoding=\"async\" style=\"font-size: 16px;\" src=\"http:\/\/www.imeselectrosll.com\/images\/logoimes.gif\" width=\"179\" height=\"93\" align=\"middle\"><\/h1>\n<\/header>\n<div class=\"entry-content\">\n<p>C\/ Alfareros, 1. Pol\u00edgono La Colmena.<\/p>\n<p>28680 \u2013 San Mart\u00edn de Valdeiglesias (Madrid)<\/p>\n<p><a class=\"d\" target=\"_blank\">administracion@imeselectrosll.com<\/a><\/p>\n<p><span class=\"Estilo33\"><strong>Tlfno: 91 861 16 83 | Fax: 91 861 17 67<\/strong><\/span><\/p>\n<\/div>\n","protected":false},"excerpt":{"rendered":"<p>Imes Electro te informa que los datos de car\u00e1cter personal que nos proporciones ser\u00e1n tratados por Imes Electro, S. L. &nbsp;(Imes Electro) [&hellip;]<\/p>\n","protected":false},"author":1,"featured_media":0,"parent":0,"menu_order":0,"comment_status":"closed","ping_status":"closed","template":"","meta":{"ngg_post_thumbnail":0,"footnotes":""},"class_list":["post-73","page","type-page","status-publish","hentry"],"_links":{"self":[{"href":"https:\/\/imeselectrosll.com\/index.php\/wp-json\/wp\/v2\/pages\/73","targetHints":{"allow":["GET"]}}],"collection":[{"href":"https:\/\/imeselectrosll.com\/index.php\/wp-json\/wp\/v2\/pages"}],"about":[{"href":"https:\/\/imeselectrosll.com\/index.php\/wp-json\/wp\/v2\/types\/page"}],"author":[{"embeddable":true,"href":"https:\/\/imeselectrosll.com\/index.php\/wp-json\/wp\/v2\/users\/1"}],"replies":[{"embeddable":true,"href":"https:\/\/imeselectrosll.com\/index.php\/wp-json\/wp\/v2\/comments?post=73"}],"version-history":[{"count":7,"href":"https:\/\/imeselectrosll.com\/index.php\/wp-json\/wp\/v2\/pages\/73\/revisions"}],"predecessor-version":[{"id":230,"href":"https:\/\/imeselectrosll.com\/index.php\/wp-json\/wp\/v2\/pages\/73\/revisions\/230"}],"wp:attachment":[{"href":"https:\/\/imeselectrosll.com\/index.php\/wp-json\/wp\/v2\/media?parent=73"}],"curies":[{"name":"wp","href":"https:\/\/api.w.org\/{rel}","templated":true}]}}